{"id":26194,"date":"2026-04-12T12:13:35","date_gmt":"2026-04-12T10:13:35","guid":{"rendered":"https:\/\/ap3.ch\/home\/?page_id=26194"},"modified":"2026-04-17T08:46:20","modified_gmt":"2026-04-17T06:46:20","slug":"unai","status":"publish","type":"page","link":"https:\/\/ap3.ch\/home\/unai\/","title":{"rendered":"Unai Borras"},"content":{"rendered":"\t\t<div data-elementor-type=\"wp-page\" data-elementor-id=\"26194\" class=\"elementor elementor-26194\" data-elementor-post-type=\"page\">\n\t\t\t\t<div class=\"elementor-element elementor-element-b14c1ef e-con-full e-flex e-con e-parent \" data-id=\"b14c1ef\" data-element_type=\"container\" data-settings=\"{&quot;background_background&quot;:&quot;classic&quot;}\"><div class=\"elementor-element elementor-element-0e87ad7 e-con-full e-flex e-con e-child \" data-id=\"0e87ad7\" data-element_type=\"container\"><div class=\"elementor-element elementor-element-cf8c08e e-flex e-con-boxed e-con e-child \" data-id=\"cf8c08e\" data-element_type=\"container\">\t\t\t<div class=\"e-con-inner\">\r\n\t\t<div class=\"elementor-element elementor-element-f1c2ec6 e-con-full e-flex e-con e-child \" data-id=\"f1c2ec6\" data-element_type=\"container\">\t\t<div class=\"elementor-element elementor-element-97744d5 elementor-widget elementor-widget-pxl_heading\" data-id=\"97744d5\" data-element_type=\"widget\" data-widget_type=\"pxl_heading.default\">\n\t\t\t\t<div class=\"elementor-widget-container\">\n\t\t\t\t\t\n<div id=\"pxl-pxl_heading-97744d5-8003\" class=\"pxl-heading px-sub-title-default style-default-style \">\n\t<div class=\"pxl-heading--inner\">\n\t\t\n\t\t<h3 class=\"pxl-item--title  style-default  highlight-default  \" data-wow-delay=\"ms\">\n\t\t\t\t\tIn stillem Gedenken\t\n\t\t\t\n\t\t<\/h3>\n\n\t<\/div>\n<\/div>\t\t\t\t<\/div>\n\t\t\t\t<\/div>\n\t\t\t\t<div class=\"elementor-element elementor-element-f984573 elementor-widget-mobile_extra__width-initial elementor-widget-widescreen__width-initial elementor-widget elementor-widget-pxl_text_editor\" data-id=\"f984573\" data-element_type=\"widget\" data-widget_type=\"pxl_text_editor.default\">\n\t\t\t\t<div class=\"elementor-widget-container\">\n\t\t\t\t\t<div class=\"pxl-text-editor  \">\n\t<div class=\"pxl-item--inner  \" data-wow-delay=\"ms\">\n\t\t\t<p class=\"yiv0130976338MsoNormal\">Am 3. April 2026 um 14.00 Uhr wurde unser gesch\u00e4tzter Mitarbeiter und Freund Unai Borras am grossen Mythen durch eine Lawine aus dem Leben gerissen. Unai liebte die Natur, das Wandern und Klettern war eine Leidenschaft von ihm.<\/p><p class=\"yiv0130976338MsoNormal\">Mit seiner offenen, neugierigen und hilfsbereiten Art hat Unai unser Team bereichert. Sein Lachen, seine positive Energie und seine Herzlichkeit bleiben unvergessen. Mit ihm verlieren wir einen lieben Arbeitskollegen, einen hoffnungsvollen Auszubildenden und einen besonderen jungen Menschen.<\/p><p class=\"yiv0130976338MsoNormal\">Wir sind dankbar f\u00fcr die gemeinsame Zeit und werden Unai in liebevoller Erinnerung behalten. Unser tiefes Mitgef\u00fchl gilt seiner Familie und seinen Angeh\u00f6rigen in dieser schweren Zeit.<\/p><p class=\"yiv0130976338MsoNormal\">Unai fehlt uns sehr.<\/p>\t\n\t<\/div>\n<\/div>\n\n<script>\njQuery(document).ready(function($) {\n    let $pageTitleElement = $('#pxl-page-title-elementor');\n\n    if ($pageTitleElement.length) {\n        let sgPostDesText = ``;\n        $pageTitleElement.find('.pxl-item--inner').html(sgPostDesText);\n    }\n});\n<\/script>\n\n\n\t\t\t\t<\/div>\n\t\t\t\t<\/div>\n\t\t\t\t<\/div>\r\n\t\t<div class=\"elementor-element elementor-element-19709ee e-con-full e-flex e-con e-child \" data-id=\"19709ee\" data-element_type=\"container\">\t\t<div class=\"elementor-element elementor-element-2f0d779 elementor-widget__width-initial elementor-widget elementor-widget-pxl_image\" data-id=\"2f0d779\" data-element_type=\"widget\" data-widget_type=\"pxl_image.default\">\n\t\t\t\t<div class=\"elementor-widget-container\">\n\t\t\t\t\t<div id=\"pxl_image-2f0d779-7644\" class=\"pxl-image-single df pxl-disable-parallax-sm pxl-hide-sr-lg  \" data-wow-delay=\"ms\"  >\r\n    <div class=\"pxl-item--inner\" data-wow-delay=\"120ms\" >\r\n    \r\n            <div class=\"pxl-item--image df \" data-wow-delay=\"ms\" data-parallax-value=\"\">\r\n                        <img fetchpriority=\"high\" decoding=\"async\" width=\"1700\" height=\"1662\" src=\"https:\/\/ap3.ch\/home\/wp-content\/uploads\/2026\/04\/Unai_portrait-1.jpg\" class=\"no-lazyload attachment-full\" alt=\"\" \/>                    <\/div>\r\n        \r\n<\/div>\r\n<\/div>\t\t\t\t<\/div>\n\t\t\t\t<\/div>\n\t\t\t\t<\/div>\r\n\t\t\t\t\t<\/div>\r\n\t\t\t\t<\/div>\r\n\t\t\t\t<div class=\"elementor-element elementor-element-4d3eae3 elementor-widget elementor-widget-pxl_divider\" data-id=\"4d3eae3\" data-element_type=\"widget\" data-widget_type=\"pxl_divider.default\">\n\t\t\t\t<div class=\"elementor-widget-container\">\n\t\t\t\t\t<div class=\"pxl-divider horizontal animated reversal slow\"><div class=\"pxl-divider-separator\"><\/div><\/div>\t\t\t\t<\/div>\n\t\t\t\t<\/div>\n\t\t\t\t<\/div>\r\n\t\t\t\t<\/div>\r\n\t\t\t\t<\/div>\n\t\t","protected":false},"excerpt":{"rendered":"<p>In stillem Gedenken Am 3. April 2026 um 14.00 Uhr wurde unser gesch\u00e4tzter Mitarbeiter und Freund Unai Borras am grossen Mythen durch eine Lawine aus dem Leben gerissen. Unai liebte die Natur, das Wandern und Klettern war eine Leidenschaft von ihm. Mit seiner offenen, neugierigen und hilfsbereiten Art hat Unai unser Team bereichert. Sein Lachen, [&hellip;]<\/p>\n","protected":false},"author":1,"featured_media":0,"parent":0,"menu_order":0,"comment_status":"closed","ping_status":"closed","template":"","meta":{"footnotes":""},"class_list":["post-26194","page","type-page","status-publish","hentry"],"_links":{"self":[{"href":"https:\/\/ap3.ch\/home\/wp-json\/wp\/v2\/pages\/26194","targetHints":{"allow":["GET"]}}],"collection":[{"href":"https:\/\/ap3.ch\/home\/wp-json\/wp\/v2\/pages"}],"about":[{"href":"https:\/\/ap3.ch\/home\/wp-json\/wp\/v2\/types\/page"}],"author":[{"embeddable":true,"href":"https:\/\/ap3.ch\/home\/wp-json\/wp\/v2\/users\/1"}],"replies":[{"embeddable":true,"href":"https:\/\/ap3.ch\/home\/wp-json\/wp\/v2\/comments?post=26194"}],"version-history":[{"count":25,"href":"https:\/\/ap3.ch\/home\/wp-json\/wp\/v2\/pages\/26194\/revisions"}],"predecessor-version":[{"id":26225,"href":"https:\/\/ap3.ch\/home\/wp-json\/wp\/v2\/pages\/26194\/revisions\/26225"}],"wp:attachment":[{"href":"https:\/\/ap3.ch\/home\/wp-json\/wp\/v2\/media?parent=26194"}],"curies":[{"name":"wp","href":"https:\/\/api.w.org\/{rel}","templated":true}]}}