{"id":23437,"date":"2025-11-18T16:45:56","date_gmt":"2025-11-18T15:45:56","guid":{"rendered":"https:\/\/weticoto.myhostpoint.ch\/?page_id=23437"},"modified":"2026-02-06T07:53:39","modified_gmt":"2026-02-06T06:53:39","slug":"home-2","status":"publish","type":"page","link":"https:\/\/ap3.ch\/home\/","title":{"rendered":"Home"},"content":{"rendered":"\t\t<div data-elementor-type=\"wp-page\" data-elementor-id=\"23437\" class=\"elementor elementor-23437\" data-elementor-post-type=\"page\">\n\t\t\t\t<div class=\"elementor-element elementor-element-4d58832 e-con-full e-flex e-con e-parent \" data-id=\"4d58832\" data-element_type=\"container\" data-settings=\"{&quot;background_background&quot;:&quot;slideshow&quot;,&quot;background_slideshow_gallery&quot;:[{&quot;id&quot;:23285,&quot;url&quot;:&quot;https:\\\/\\\/ap3.ch\\\/home\\\/wp-content\\\/uploads\\\/2025\\\/11\\\/quadrolit_baar-026-1.jpg&quot;},{&quot;id&quot;:23271,&quot;url&quot;:&quot;https:\\\/\\\/ap3.ch\\\/home\\\/wp-content\\\/uploads\\\/2025\\\/11\\\/claraturm_basel-004-2-1.jpg&quot;},{&quot;id&quot;:23277,&quot;url&quot;:&quot;https:\\\/\\\/ap3.ch\\\/home\\\/wp-content\\\/uploads\\\/2025\\\/11\\\/glasdach-r-17-1.jpg&quot;},{&quot;id&quot;:23267,&quot;url&quot;:&quot;https:\\\/\\\/ap3.ch\\\/home\\\/wp-content\\\/uploads\\\/2025\\\/11\\\/circle_fassade-21-1.jpg&quot;},{&quot;id&quot;:23275,&quot;url&quot;:&quot;https:\\\/\\\/ap3.ch\\\/home\\\/wp-content\\\/uploads\\\/2025\\\/11\\\/europaalle_36_baufeld-f-015-1.jpg&quot;},{&quot;id&quot;:23266,&quot;url&quot;:&quot;https:\\\/\\\/ap3.ch\\\/home\\\/wp-content\\\/uploads\\\/2025\\\/11\\\/circle_fassade-4-1.jpg&quot;},{&quot;id&quot;:23288,&quot;url&quot;:&quot;https:\\\/\\\/ap3.ch\\\/home\\\/wp-content\\\/uploads\\\/2025\\\/11\\\/spittel-23-1.jpg&quot;},{&quot;id&quot;:23279,&quot;url&quot;:&quot;https:\\\/\\\/ap3.ch\\\/home\\\/wp-content\\\/uploads\\\/2025\\\/11\\\/pjz-nt-3-1.jpg&quot;},{&quot;id&quot;:23284,&quot;url&quot;:&quot;https:\\\/\\\/ap3.ch\\\/home\\\/wp-content\\\/uploads\\\/2025\\\/11\\\/prime-2_pfingstweidstrasse_9-031-1.jpg&quot;},{&quot;id&quot;:23297,&quot;url&quot;:&quot;https:\\\/\\\/ap3.ch\\\/home\\\/wp-content\\\/uploads\\\/2025\\\/11\\\/amrietpark-b2.1-006-1.jpg&quot;},{&quot;id&quot;:23274,&quot;url&quot;:&quot;https:\\\/\\\/ap3.ch\\\/home\\\/wp-content\\\/uploads\\\/2025\\\/11\\\/europaalle_26_baufeld_D-032-1.jpg&quot;},{&quot;id&quot;:23282,&quot;url&quot;:&quot;https:\\\/\\\/ap3.ch\\\/home\\\/wp-content\\\/uploads\\\/2025\\\/11\\\/preola_juchstrasse_9-020-1.jpg&quot;},{&quot;id&quot;:23291,&quot;url&quot;:&quot;https:\\\/\\\/ap3.ch\\\/home\\\/wp-content\\\/uploads\\\/2025\\\/11\\\/suurstoffi-haus-a-009-1.jpg&quot;},{&quot;id&quot;:23295,&quot;url&quot;:&quot;https:\\\/\\\/ap3.ch\\\/home\\\/wp-content\\\/uploads\\\/2025\\\/11\\\/aa2-bahnhof_aarau-009-1.jpg&quot;}],&quot;background_slideshow_transition_duration&quot;:3000,&quot;background_slideshow_slide_duration&quot;:2500,&quot;background_slideshow_loop&quot;:&quot;yes&quot;,&quot;background_slideshow_slide_transition&quot;:&quot;fade&quot;}\">\t\t<\/div>\r\n\t\t<div class=\"elementor-element elementor-element-6fdf1a6 e-con-full e-flex e-con e-parent \" data-id=\"6fdf1a6\" data-element_type=\"container\" data-settings=\"{&quot;background_background&quot;:&quot;classic&quot;}\">\t\t<div class=\"elementor-element elementor-element-89b073d elementor-widget__width-inherit elementor-widget elementor-widget-pxl_heading\" data-id=\"89b073d\" data-element_type=\"widget\" data-widget_type=\"pxl_heading.default\">\n\t\t\t\t<div class=\"elementor-widget-container\">\n\t\t\t\t\t\n<div id=\"pxl-pxl_heading-89b073d-8363\" class=\"pxl-heading px-sub-title-default style-default-style \">\n\t<div class=\"pxl-heading--inner\">\n\t\t\n\t\t<h1 class=\"pxl-item--title pxl-split-text style-default ft-gt highlight-default split-lines-transform wow fadeInUp\" data-wow-delay=\"ms\">\n\t\t\t\t\tUnser Ziel sind begeisterte und erfolgreiche Kunden, durch eine gesamtheitliche Fassadenplanung.\n\t\n\t\t\t\n\t\t<\/h1>\n\n\t<\/div>\n<\/div>\t\t\t\t<\/div>\n\t\t\t\t<\/div>\n\t\t\t\t<\/div>\r\n\t\t<div class=\"elementor-element elementor-element-5ff2b42 e-con-full e-flex e-con e-parent \" data-id=\"5ff2b42\" data-element_type=\"container\" data-settings=\"{&quot;background_background&quot;:&quot;classic&quot;}\"><div class=\"elementor-element elementor-element-64b491cd e-con-full e-flex e-con e-child \" data-id=\"64b491cd\" data-element_type=\"container\"><div class=\"elementor-element elementor-element-39bf5c5c e-flex e-con-boxed e-con e-child \" data-id=\"39bf5c5c\" data-element_type=\"container\">\t\t\t<div class=\"e-con-inner\">\r\n\t\t<div class=\"elementor-element elementor-element-2a2e6c4a e-con-full e-flex e-con e-child \" data-id=\"2a2e6c4a\" data-element_type=\"container\">\t\t<div class=\"elementor-element elementor-element-25e28eb5 elementor-widget__width-initial elementor-widget elementor-widget-pxl_image\" data-id=\"25e28eb5\" data-element_type=\"widget\" data-widget_type=\"pxl_image.default\">\n\t\t\t\t<div class=\"elementor-widget-container\">\n\t\t\t\t\t<div id=\"pxl_image-25e28eb5-6460\" class=\"pxl-image-single df pxl-disable-parallax-sm pxl-hide-sr-lg  wow fadeInLeft\" data-wow-delay=\"ms\"  >\r\n    <div class=\"pxl-item--inner\" data-wow-delay=\"120ms\" >\r\n    \r\n            <div class=\"pxl-item--image df \" data-wow-delay=\"ms\" data-parallax-value=\"\">\r\n                        <img fetchpriority=\"high\" decoding=\"async\" width=\"1300\" height=\"1820\" src=\"https:\/\/ap3.ch\/home\/wp-content\/uploads\/2025\/11\/claraturm_basel-031.jpg\" class=\"no-lazyload attachment-full\" alt=\"\" \/>                    <\/div>\r\n        \r\n<\/div>\r\n<\/div>\t\t\t\t<\/div>\n\t\t\t\t<\/div>\n\t\t\t\t<\/div>\r\n\t\t<div class=\"elementor-element elementor-element-6bc8ff26 e-con-full e-flex e-con e-child \" data-id=\"6bc8ff26\" data-element_type=\"container\">\t\t<div class=\"elementor-element elementor-element-3b4ced43 elementor-widget elementor-widget-pxl_heading\" data-id=\"3b4ced43\" data-element_type=\"widget\" data-widget_type=\"pxl_heading.default\">\n\t\t\t\t<div class=\"elementor-widget-container\">\n\t\t\t\t\t\n<div id=\"pxl-pxl_heading-3b4ced43-5058\" class=\"pxl-heading px-sub-title-default style-default-style \">\n\t<div class=\"pxl-heading--inner\">\n\t\t\t\t\t<div class=\"pxl-item--subtitle  px-sub-title-default  wow PXLfadeInUp \" data-wow-delay=\"ms\">\n\t\t\t\t<span class=\"pxl-item--subtext\">\n\t\t\t\t\t\t\t\t\t\t\tFassadenplanung von A bis z\t\t\t\t\t\t\n\t\t\t\t<\/span>\n\t\t\t<\/div>\n\t\t\n\t\t<h2 class=\"pxl-item--title  style-default ft-gt highlight-default  wow PXLfadeInUp\" data-wow-delay=\"ms\">\n\t\t\t\t\tWarum die\nZusammenarbeit\nmit ap3?\t\n\t\t\t\n\t\t<\/h2>\n\n\t<\/div>\n<\/div>\t\t\t\t<\/div>\n\t\t\t\t<\/div>\n\t\t\t\t<div class=\"elementor-element elementor-element-59136081 elementor-widget-mobile_extra__width-initial elementor-widget elementor-widget-pxl_text_editor\" data-id=\"59136081\" data-element_type=\"widget\" data-widget_type=\"pxl_text_editor.default\">\n\t\t\t\t<div class=\"elementor-widget-container\">\n\t\t\t\t\t<div class=\"pxl-text-editor pxl-split-text split-lines-rotation-x\">\n\t<div class=\"pxl-item--inner  ft-gt\" data-wow-delay=\"ms\">\n\t\t\t<p>Von Konzeptvorschl\u00e4gen, \u00fcber konkrete Studien und deren Grobkosten, mit Detailplanungen und Kostenvoranschl\u00e4gen, Produkteberatungen, mit Ingenieursleistungen wie Statik, Bauphysik und der Materialkunde, der Ausschreibungsplanung und Ausschreibung mit Beratung \u00fcber die Gestaltung des Submissionsprozess und der aktiven Mithilfe der Vergabe bis zur Begleitung der Unternehmer, decken wir s\u00e4mtliche Disziplinen innerhalb der sia-Phasen ab, die bis zu einem erfolgreichen Projektabschluss notwendig sind. In der Ausf\u00fchrung sind wir gerne behilflich, dass das bestellte Produkt entsprechend realisiert wird.<\/p>\t\n\t<\/div>\n<\/div>\n\n<script>\njQuery(document).ready(function($) {\n    let $pageTitleElement = $('#pxl-page-title-elementor');\n\n    if ($pageTitleElement.length) {\n        let sgPostDesText = ``;\n        $pageTitleElement.find('.pxl-item--inner').html(sgPostDesText);\n    }\n});\n<\/script>\n\n\n\t\t\t\t<\/div>\n\t\t\t\t<\/div>\n\t\t\t\t<div class=\"elementor-element elementor-element-18b6c6c elementor-align-right elementor-widget elementor-widget-pxl_button\" data-id=\"18b6c6c\" data-element_type=\"widget\" data-widget_type=\"pxl_button.default\">\n\t\t\t\t<div class=\"elementor-widget-container\">\n\t\t\t\t\t<div id=\"pxl-pxl_button-18b6c6c-7645\" class=\"pxl-button pxl-atc-link \" data-wow-delay=\"ms\">\r\n    <a href=\"https:\/\/ap3.ch\/home\/leistungen\/\" class=\"btn pxl-icon-active  btn-default  inline pxl-icon--right\" data-wow-delay=\"ms\" data-target=\".pxl-page-popup-template-0\">\r\n                                                    <span class=\"pxl--btn-text\" data-text=\"Unsere Leistungen\">\r\n            Unsere Leistungen        <\/span>\r\n                    <\/a>\r\n<\/div>\t\t\t\t<\/div>\n\t\t\t\t<\/div>\n\t\t\t\t<\/div>\r\n\t\t\t\t\t<\/div>\r\n\t\t\t\t<\/div>\r\n\t\t\t\t<\/div>\r\n\t\t\t\t<\/div>\r\n\t\t<div class=\"elementor-element elementor-element-00d2489 e-con-full e-flex e-con e-parent \" data-id=\"00d2489\" data-element_type=\"container\">\t\t<div class=\"elementor-element elementor-element-42a89cf elementor-widget elementor-widget-pxl_divider\" data-id=\"42a89cf\" data-element_type=\"widget\" data-widget_type=\"pxl_divider.default\">\n\t\t\t\t<div class=\"elementor-widget-container\">\n\t\t\t\t\t<div class=\"pxl-divider horizontal animated normal\"><div class=\"pxl-divider-separator\"><\/div><\/div>\t\t\t\t<\/div>\n\t\t\t\t<\/div>\n\t\t\t\t<\/div>\r\n\t\t<div class=\"elementor-element elementor-element-b037355 e-con-full e-flex e-con e-parent \" data-id=\"b037355\" data-element_type=\"container\" data-settings=\"{&quot;background_background&quot;:&quot;classic&quot;}\"><div class=\"elementor-element elementor-element-8c1aa96 e-con-full e-flex e-con e-child \" data-id=\"8c1aa96\" data-element_type=\"container\"><div class=\"elementor-element elementor-element-3bb1080 e-flex e-con-boxed e-con e-child \" data-id=\"3bb1080\" data-element_type=\"container\">\t\t\t<div class=\"e-con-inner\">\r\n\t\t<div class=\"elementor-element elementor-element-69104e6 e-con-full e-flex e-con e-child \" data-id=\"69104e6\" data-element_type=\"container\">\t\t<div class=\"elementor-element elementor-element-5102712 elementor-widget elementor-widget-pxl_heading\" data-id=\"5102712\" data-element_type=\"widget\" data-widget_type=\"pxl_heading.default\">\n\t\t\t\t<div class=\"elementor-widget-container\">\n\t\t\t\t\t\n<div id=\"pxl-pxl_heading-5102712-4050\" class=\"pxl-heading px-sub-title-default style-default-style \">\n\t<div class=\"pxl-heading--inner\">\n\t\t\t\t\t<div class=\"pxl-item--subtitle  px-sub-title-default  wow PXLfadeInUp \" data-wow-delay=\"ms\">\n\t\t\t\t<span class=\"pxl-item--subtext\">\n\t\t\t\t\t\t\t\t\t\t\tDas Team\t\t\t\t\t\t\n\t\t\t\t<\/span>\n\t\t\t<\/div>\n\t\t\n\t\t<h2 class=\"pxl-item--title  style-default ft-gt highlight-default  wow PXLfadeInUp\" data-wow-delay=\"ms\">\n\t\t\t\t\tAgil.  Engagiert. Detailorientiert.\t\n\t\t\t\n\t\t<\/h2>\n\n\t<\/div>\n<\/div>\t\t\t\t<\/div>\n\t\t\t\t<\/div>\n\t\t\t\t<div class=\"elementor-element elementor-element-e64d91b elementor-widget-mobile_extra__width-initial elementor-widget elementor-widget-pxl_text_editor\" data-id=\"e64d91b\" data-element_type=\"widget\" data-widget_type=\"pxl_text_editor.default\">\n\t\t\t\t<div class=\"elementor-widget-container\">\n\t\t\t\t\t<div class=\"pxl-text-editor pxl-split-text split-lines-rotation-x\">\n\t<div class=\"pxl-item--inner  ft-gt\" data-wow-delay=\"ms\">\n\t\t\t<p>Die ap3 besteht aus einem gemischten Team von langj\u00e4hrigen erfahrenen und jungen begeisterten Fachleuten, die die Fassadentechnik f\u00fcr den Kunden zur verst\u00e4ndlichen Disziplin macht und die Planung der Fassadentechnik bis zur Vergabereife f\u00fchrt.<\/p>\t\n\t<\/div>\n<\/div>\n\n<script>\njQuery(document).ready(function($) {\n    let $pageTitleElement = $('#pxl-page-title-elementor');\n\n    if ($pageTitleElement.length) {\n        let sgPostDesText = ``;\n        $pageTitleElement.find('.pxl-item--inner').html(sgPostDesText);\n    }\n});\n<\/script>\n\n\n\t\t\t\t<\/div>\n\t\t\t\t<\/div>\n\t\t\t\t<div class=\"elementor-element elementor-element-8bb6687 elementor-align-right elementor-align-right elementor-widget elementor-widget-pxl_button\" data-id=\"8bb6687\" data-element_type=\"widget\" data-widget_type=\"pxl_button.default\">\n\t\t\t\t<div class=\"elementor-widget-container\">\n\t\t\t\t\t<div id=\"pxl-pxl_button-8bb6687-9977\" class=\"pxl-button pxl-atc-link \" data-wow-delay=\"ms\">\r\n    <a href=\"https:\/\/ap3.ch\/home\/portrait\/\" class=\"btn pxl-icon-active  btn-default  inline pxl-icon--right\" data-wow-delay=\"ms\" data-target=\".pxl-page-popup-template-0\">\r\n                                                    <span class=\"pxl--btn-text\" data-text=\"Unser Team\">\r\n            Unser Team        <\/span>\r\n                    <\/a>\r\n<\/div>\t\t\t\t<\/div>\n\t\t\t\t<\/div>\n\t\t\t\t<\/div>\r\n\t\t<div class=\"elementor-element elementor-element-f690d68 e-con-full e-flex e-con e-child \" data-id=\"f690d68\" data-element_type=\"container\">\t\t<div class=\"elementor-element elementor-element-aac58cc elementor-widget__width-initial elementor-widget elementor-widget-pxl_image\" data-id=\"aac58cc\" data-element_type=\"widget\" data-widget_type=\"pxl_image.default\">\n\t\t\t\t<div class=\"elementor-widget-container\">\n\t\t\t\t\t<div id=\"pxl_image-aac58cc-9034\" class=\"pxl-image-single df pxl-disable-parallax-sm pxl-hide-sr-lg  wow PXLfadeInUp\" data-wow-delay=\"ms\"  >\r\n    <div class=\"pxl-item--inner\" data-wow-delay=\"120ms\" >\r\n    \r\n            <div class=\"pxl-item--image df \" data-wow-delay=\"ms\" data-parallax-value=\"\">\r\n                        <img decoding=\"async\" width=\"2200\" height=\"1467\" src=\"https:\/\/ap3.ch\/home\/wp-content\/uploads\/2025\/12\/ap3_office-28.jpg\" class=\"no-lazyload attachment-full\" alt=\"\" \/>                    <\/div>\r\n        \r\n<\/div>\r\n<\/div>\t\t\t\t<\/div>\n\t\t\t\t<\/div>\n\t\t\t\t<\/div>\r\n\t\t\t\t\t<\/div>\r\n\t\t\t\t<\/div>\r\n\t\t\t\t<div class=\"elementor-element elementor-element-2b99e6b elementor-widget elementor-widget-pxl_divider\" data-id=\"2b99e6b\" data-element_type=\"widget\" data-widget_type=\"pxl_divider.default\">\n\t\t\t\t<div class=\"elementor-widget-container\">\n\t\t\t\t\t<div class=\"pxl-divider horizontal animated reversal normal\"><div class=\"pxl-divider-separator\"><\/div><\/div>\t\t\t\t<\/div>\n\t\t\t\t<\/div>\n\t\t\t\t<\/div>\r\n\t\t\t\t<\/div>\r\n\t\t<div class=\"elementor-element elementor-element-ade1239 e-con-full e-flex e-con e-parent \" data-id=\"ade1239\" data-element_type=\"container\" data-settings=\"{&quot;background_background&quot;:&quot;classic&quot;}\"><div class=\"elementor-element elementor-element-96b4788 e-con-full e-flex e-con e-child \" data-id=\"96b4788\" data-element_type=\"container\"><div class=\"elementor-element elementor-element-f376619 e-flex e-con-boxed e-con e-child \" data-id=\"f376619\" data-element_type=\"container\">\t\t\t<div class=\"e-con-inner\">\r\n\t\t<div class=\"elementor-element elementor-element-1adf28f e-con-full e-flex e-con e-child \" data-id=\"1adf28f\" data-element_type=\"container\">\t\t<div class=\"elementor-element elementor-element-6b54a95 elementor--h-position-center elementor--v-position-middle elementor-arrows-position-inside elementor-pagination-position-inside elementor-widget elementor-widget-slides\" data-id=\"6b54a95\" data-element_type=\"widget\" data-settings=\"{&quot;transition_speed&quot;:545,&quot;navigation&quot;:&quot;both&quot;,&quot;autoplay&quot;:&quot;yes&quot;,&quot;pause_on_interaction&quot;:&quot;yes&quot;,&quot;autoplay_speed&quot;:5000,&quot;infinite&quot;:&quot;yes&quot;,&quot;transition&quot;:&quot;slide&quot;}\" data-widget_type=\"slides.default\">\n\t\t\t\t\t\t\t\t\t\t<div class=\"elementor-slides-wrapper elementor-main-swiper swiper\" role=\"region\" aria-roledescription=\"carousel\" aria-label=\"Slides\" dir=\"ltr\" data-animation=\"fadeInUp\">\n\t\t\t\t<div class=\"swiper-wrapper elementor-slides\">\n\t\t\t\t\t\t\t\t\t\t<div class=\"elementor-repeater-item-2e7b2b7 swiper-slide\" role=\"group\" aria-roledescription=\"slide\"><div class=\"swiper-slide-bg elementor-ken-burns elementor-ken-burns--in\" role=\"img\" aria-label=\"circle_fassade-26\"><\/div><div class=\"swiper-slide-inner\" ><div class=\"swiper-slide-contents\"><\/div><\/div><\/div><div class=\"elementor-repeater-item-991427d swiper-slide\" role=\"group\" aria-roledescription=\"slide\"><div class=\"swiper-slide-bg elementor-ken-burns elementor-ken-burns--in\" role=\"img\" aria-label=\"quadrolit_baar-001\"><\/div><div class=\"swiper-slide-inner\" ><div class=\"swiper-slide-contents\"><\/div><\/div><\/div><div class=\"elementor-repeater-item-58e1463 swiper-slide\" role=\"group\" aria-roledescription=\"slide\"><div class=\"swiper-slide-bg elementor-ken-burns elementor-ken-burns--in\" role=\"img\" aria-label=\"pjz-nt-8\"><\/div><div class=\"swiper-slide-inner\" ><div class=\"swiper-slide-contents\"><\/div><\/div><\/div><div class=\"elementor-repeater-item-66c50a5 swiper-slide\" role=\"group\" aria-roledescription=\"slide\"><div class=\"swiper-slide-bg elementor-ken-burns elementor-ken-burns--in\" role=\"img\" aria-label=\"baeder_baden-19\"><\/div><div class=\"swiper-slide-inner\" ><div class=\"swiper-slide-contents\"><\/div><\/div><\/div>\t\t\t\t<\/div>\n\t\t\t\t\t\t\t\t\t\t\t\t\t\t\t<div class=\"elementor-swiper-button elementor-swiper-button-prev\" role=\"button\" tabindex=\"0\" aria-label=\"Previous slide\">\n\t\t\t\t\t\t\t<i aria-hidden=\"true\" class=\"eicon-chevron-left\"><\/i>\t\t\t\t\t\t<\/div>\n\t\t\t\t\t\t<div class=\"elementor-swiper-button elementor-swiper-button-next\" role=\"button\" tabindex=\"0\" aria-label=\"Next slide\">\n\t\t\t\t\t\t\t<i aria-hidden=\"true\" class=\"eicon-chevron-right\"><\/i>\t\t\t\t\t\t<\/div>\n\t\t\t\t\t\t\t\t\t\t\t\t\t\t\t\t<div class=\"swiper-pagination\"><\/div>\n\t\t\t\t\t\t\t\t\t\t\t\t<\/div>\n\t\t\t\t\t\t\t\t<\/div>\n\t\t\t\t<\/div>\r\n\t\t<div class=\"elementor-element elementor-element-02310a6 e-con-full e-flex e-con e-child \" data-id=\"02310a6\" data-element_type=\"container\">\t\t<div class=\"elementor-element elementor-element-12f1f47 elementor-widget elementor-widget-pxl_heading\" data-id=\"12f1f47\" data-element_type=\"widget\" data-widget_type=\"pxl_heading.default\">\n\t\t\t\t<div class=\"elementor-widget-container\">\n\t\t\t\t\t\n<div id=\"pxl-pxl_heading-12f1f47-3869\" class=\"pxl-heading px-sub-title-default style-default-style \">\n\t<div class=\"pxl-heading--inner\">\n\t\t\t\t\t<div class=\"pxl-item--subtitle  px-sub-title-default  wow PXLfadeInUp \" data-wow-delay=\"ms\">\n\t\t\t\t<span class=\"pxl-item--subtext\">\n\t\t\t\t\t\t\t\t\t\t\tAusgew\u00e4hlte Projekte\t\t\t\t\t\t\n\t\t\t\t<\/span>\n\t\t\t<\/div>\n\t\t\n\t\t<h2 class=\"pxl-item--title  style-default ft-gt highlight-default  wow PXLfadeInUp\" data-wow-delay=\"ms\">\n\t\t\t\t\tDas Ergebnis spricht f\u00fcr sich.\t\n\t\t\t\n\t\t<\/h2>\n\n\t<\/div>\n<\/div>\t\t\t\t<\/div>\n\t\t\t\t<\/div>\n\t\t\t\t<div class=\"elementor-element elementor-element-86d0052 elementor-widget-mobile_extra__width-initial elementor-widget elementor-widget-pxl_text_editor\" data-id=\"86d0052\" data-element_type=\"widget\" data-widget_type=\"pxl_text_editor.default\">\n\t\t\t\t<div class=\"elementor-widget-container\">\n\t\t\t\t\t<div class=\"pxl-text-editor pxl-split-text split-lines-rotation-x\">\n\t<div class=\"pxl-item--inner  ft-gt\" data-wow-delay=\"ms\">\n\t\t\t<p>Geb\u00e4udefassaden bestehen nicht nur aus Mauerwerk, Metall- oder Holzfenstern, aus Metallbekleidungen, Beton- oder Glaselementen. Die sehr grosse F\u00fclle an Materialien, Techniken und die vielen M\u00f6glichkeiten, die der Markt bietet, werden durch die ap3 zu einem Produkt geformt.<\/p>\t\n\t<\/div>\n<\/div>\n\n<script>\njQuery(document).ready(function($) {\n    let $pageTitleElement = $('#pxl-page-title-elementor');\n\n    if ($pageTitleElement.length) {\n        let sgPostDesText = ``;\n        $pageTitleElement.find('.pxl-item--inner').html(sgPostDesText);\n    }\n});\n<\/script>\n\n\n\t\t\t\t<\/div>\n\t\t\t\t<\/div>\n\t\t\t\t<div class=\"elementor-element elementor-element-006c2b2 elementor-align-right elementor-widget elementor-widget-pxl_button\" data-id=\"006c2b2\" data-element_type=\"widget\" data-widget_type=\"pxl_button.default\">\n\t\t\t\t<div class=\"elementor-widget-container\">\n\t\t\t\t\t<div id=\"pxl-pxl_button-006c2b2-5722\" class=\"pxl-button pxl-atc-link \" data-wow-delay=\"ms\">\r\n    <a href=\" https:\/\/ap3.ch\/home\/referenzen\/\" class=\"btn pxl-icon-active  btn-default  inline pxl-icon--right\" data-wow-delay=\"ms\" data-target=\".pxl-page-popup-template-0\">\r\n                                                    <span class=\"pxl--btn-text\" data-text=\"Unsere Referenzen\">\r\n            Unsere Referenzen        <\/span>\r\n                    <\/a>\r\n<\/div>\t\t\t\t<\/div>\n\t\t\t\t<\/div>\n\t\t\t\t<\/div>\r\n\t\t\t\t\t<\/div>\r\n\t\t\t\t<\/div>\r\n\t\t\t\t<\/div>\r\n\t\t\t\t<\/div>\r\n\t\t\t\t<\/div>\n\t\t","protected":false},"excerpt":{"rendered":"<p>Unser Ziel sind begeisterte und erfolgreiche Kunden, durch eine gesamtheitliche Fassadenplanung. Fassadenplanung von A bis z Warum die Zusammenarbeit mit ap3? Von Konzeptvorschl\u00e4gen, \u00fcber konkrete Studien und deren Grobkosten, mit Detailplanungen und Kostenvoranschl\u00e4gen, Produkteberatungen, mit Ingenieursleistungen wie Statik, Bauphysik und der Materialkunde, der Ausschreibungsplanung und Ausschreibung mit Beratung \u00fcber die Gestaltung des Submissionsprozess und der [&hellip;]<\/p>\n","protected":false},"author":1,"featured_media":0,"parent":0,"menu_order":0,"comment_status":"closed","ping_status":"closed","template":"","meta":{"footnotes":""},"class_list":["post-23437","page","type-page","status-publish","hentry"],"_links":{"self":[{"href":"https:\/\/ap3.ch\/home\/wp-json\/wp\/v2\/pages\/23437","targetHints":{"allow":["GET"]}}],"collection":[{"href":"https:\/\/ap3.ch\/home\/wp-json\/wp\/v2\/pages"}],"about":[{"href":"https:\/\/ap3.ch\/home\/wp-json\/wp\/v2\/types\/page"}],"author":[{"embeddable":true,"href":"https:\/\/ap3.ch\/home\/wp-json\/wp\/v2\/users\/1"}],"replies":[{"embeddable":true,"href":"https:\/\/ap3.ch\/home\/wp-json\/wp\/v2\/comments?post=23437"}],"version-history":[{"count":0,"href":"https:\/\/ap3.ch\/home\/wp-json\/wp\/v2\/pages\/23437\/revisions"}],"wp:attachment":[{"href":"https:\/\/ap3.ch\/home\/wp-json\/wp\/v2\/media?parent=23437"}],"curies":[{"name":"wp","href":"https:\/\/api.w.org\/{rel}","templated":true}]}}